{"id":1070,"date":"2021-09-03T10:25:37","date_gmt":"2021-09-03T10:25:37","guid":{"rendered":"https:\/\/jobs.rsb-design.de\/pva\/?page_id=1070"},"modified":"2026-02-20T11:20:17","modified_gmt":"2026-02-20T11:20:17","slug":"blog","status":"publish","type":"page","link":"https:\/\/schwimmerventile.de\/de\/blog\/","title":{"rendered":"Blog"},"content":{"rendered":"<p><div class=\"fusion-fullwidth fullwidth-box fusion-builder-row-1 fusion-flex-container nonhundred-percent-fullwidth non-hundred-percent-height-scrolling\" style=\"background-color: rgba(255,255,255,0);background-position: center center;background-repeat: no-repeat;border-width: 0px 0px 0px 0px;border-color:#e2e2e2;border-style:solid;\" ><div class=\"fusion-builder-row fusion-row fusion-flex-align-items-flex-start\" style=\"max-width:1435.2px;margin-left: calc(-4% \/ 2 );margin-right: calc(-4% \/ 2 );\"><div class=\"fusion-layout-column fusion_builder_column fusion-builder-column-0 fusion_builder_column_1_1 1_1 fusion-flex-column\"><div class=\"fusion-column-wrapper fusion-flex-justify-content-flex-start fusion-content-layout-column\" style=\"background-position:left top;background-repeat:no-repeat;-webkit-background-size:cover;-moz-background-size:cover;-o-background-size:cover;background-size:cover;padding: 0px 0px 0px 0px;\"><div class=\"fusion-recent-posts fusion-recent-posts-1 avada-container layout-default layout-columns-3\"><section class=\"fusion-columns columns fusion-columns-3 columns-3\"><article class=\"post fusion-column column col col-lg-4 col-md-4 col-sm-4\"><div class=\"fusion-flexslider fusion-flexslider-loading flexslider flexslider-hover-type-none\"><ul class=\"slides\"><li><a href=\"https:\/\/schwimmerventile.de\/de\/neu-bei-uns-hansen-super-flo-zuverlaessige-automatische-wasserstandregelung-fuer-tiertraenken-und-tanks\/\" aria-label=\"Neu bei uns \u2013 Hansen Super-Flo: Zuverl\u00e4ssige, automatische Wasserstandregelung f\u00fcr Tiertr\u00e4nken und Tanks\" class=\"hover-type-none\"><img decoding=\"async\" width=\"700\" height=\"441\" src=\"https:\/\/schwimmerventile.de\/wp-content\/uploads\/2026\/02\/hansen_superflo_1200x1200_web-700x441.webp\" class=\"attachment-recent-posts size-recent-posts lazyload\" alt=\"\" srcset=\"data:image\/svg+xml,%3Csvg%20xmlns%3D%27http%3A%2F%2Fwww.w3.org%2F2000%2Fsvg%27%20width%3D%271200%27%20height%3D%271200%27%20viewBox%3D%270%200%201200%201200%27%3E%3Crect%20width%3D%271200%27%20height%3D%271200%27%20fill-opacity%3D%220%22%2F%3E%3C%2Fsvg%3E\" data-orig-src=\"https:\/\/schwimmerventile.de\/wp-content\/uploads\/2026\/02\/hansen_superflo_1200x1200_web-700x441.webp\" data-srcset=\"https:\/\/schwimmerventile.de\/wp-content\/uploads\/2026\/02\/hansen_superflo_1200x1200_web-320x202.webp 320w, https:\/\/schwimmerventile.de\/wp-content\/uploads\/2026\/02\/hansen_superflo_1200x1200_web-700x441.webp 700w\" data-sizes=\"auto\" \/><\/a><\/li><\/ul><\/div><div class=\"recent-posts-content\"><span class=\"vcard\" style=\"display: none;\"><span class=\"fn\"><a href=\"https:\/\/schwimmerventile.de\/de\/author\/rsb-design-pva-user\/\" title=\"Beitr\u00e4ge von admin\" rel=\"author\">admin<\/a><\/span><\/span><span class=\"updated\" style=\"display:none;\">2026-02-18T14:36:04+00:00<\/span><h4 class=\"entry-title\"><a href=\"https:\/\/schwimmerventile.de\/de\/neu-bei-uns-hansen-super-flo-zuverlaessige-automatische-wasserstandregelung-fuer-tiertraenken-und-tanks\/\">Neu bei uns \u2013 Hansen Super-Flo: Zuverl\u00e4ssige, automatische Wasserstandregelung f\u00fcr Tiertr\u00e4nken und Tanks<\/a><\/h4><p class=\"meta\"><span class=\"vcard\" style=\"display: none;\"><span class=\"fn\"><a href=\"https:\/\/schwimmerventile.de\/de\/author\/rsb-design-pva-user\/\" title=\"Beitr\u00e4ge von admin\" rel=\"author\">admin<\/a><\/span><\/span><span class=\"updated\" style=\"display:none;\">2026-02-18T14:36:04+00:00<\/span><span>Februar 13, 2026<\/span><span class=\"fusion-inline-sep\">|<\/span><span class=\"fusion-comments\"><span>Kommentare deaktiviert<span class=\"screen-reader-text\"> f\u00fcr Neu bei uns \u2013 Hansen Super-Flo: Zuverl\u00e4ssige, automatische Wasserstandregelung f\u00fcr Tiertr\u00e4nken und Tanks<\/span><\/span><\/span><\/p><p>Neu bei uns im Sortiment sind die Hochleistungsprodukte des renommierten Herstellers Hansen Schwimmerventile. Mit den Hansen Schwimmerventilen setzen Tierhalter auf eine sichere L\u00f6sung zur automatischen Wasserbef\u00fcllung. Das leistungsstarke Super-Flo Ventil \u00fcberzeugt durch eine kompakte Bauweise, [...]<\/p><\/div><\/article><article class=\"post fusion-column column col col-lg-4 col-md-4 col-sm-4\"><div class=\"fusion-flexslider fusion-flexslider-loading flexslider flexslider-hover-type-none\"><ul class=\"slides\"><li><a href=\"https:\/\/schwimmerventile.de\/de\/maximiert-das-tierwohl-unsere-neue-freilandtraenke\/\" aria-label=\"Maximiert das Tierwohl: Unsere neue Freilandtr\u00e4nke\" class=\"hover-type-none\"><img decoding=\"async\" width=\"700\" height=\"441\" src=\"https:\/\/schwimmerventile.de\/wp-content\/uploads\/2026\/02\/freilandtraenke_1200x1200_web-700x441.webp\" class=\"attachment-recent-posts size-recent-posts lazyload\" alt=\"\" srcset=\"data:image\/svg+xml,%3Csvg%20xmlns%3D%27http%3A%2F%2Fwww.w3.org%2F2000%2Fsvg%27%20width%3D%271200%27%20height%3D%271200%27%20viewBox%3D%270%200%201200%201200%27%3E%3Crect%20width%3D%271200%27%20height%3D%271200%27%20fill-opacity%3D%220%22%2F%3E%3C%2Fsvg%3E\" data-orig-src=\"https:\/\/schwimmerventile.de\/wp-content\/uploads\/2026\/02\/freilandtraenke_1200x1200_web-700x441.webp\" data-srcset=\"https:\/\/schwimmerventile.de\/wp-content\/uploads\/2026\/02\/freilandtraenke_1200x1200_web-320x202.webp 320w, https:\/\/schwimmerventile.de\/wp-content\/uploads\/2026\/02\/freilandtraenke_1200x1200_web-700x441.webp 700w\" data-sizes=\"auto\" \/><\/a><\/li><\/ul><\/div><div class=\"recent-posts-content\"><span class=\"vcard\" style=\"display: none;\"><span class=\"fn\"><a href=\"https:\/\/schwimmerventile.de\/de\/author\/rsb-design-pva-user\/\" title=\"Beitr\u00e4ge von admin\" rel=\"author\">admin<\/a><\/span><\/span><span class=\"updated\" style=\"display:none;\">2026-02-18T14:37:32+00:00<\/span><h4 class=\"entry-title\"><a href=\"https:\/\/schwimmerventile.de\/de\/maximiert-das-tierwohl-unsere-neue-freilandtraenke\/\">Maximiert das Tierwohl: Unsere neue Freilandtr\u00e4nke<\/a><\/h4><p class=\"meta\"><span class=\"vcard\" style=\"display: none;\"><span class=\"fn\"><a href=\"https:\/\/schwimmerventile.de\/de\/author\/rsb-design-pva-user\/\" title=\"Beitr\u00e4ge von admin\" rel=\"author\">admin<\/a><\/span><\/span><span class=\"updated\" style=\"display:none;\">2026-02-18T14:37:32+00:00<\/span><span>Februar 13, 2026<\/span><span class=\"fusion-inline-sep\">|<\/span><span class=\"fusion-comments\"><span>Kommentare deaktiviert<span class=\"screen-reader-text\"> f\u00fcr Maximiert das Tierwohl: Unsere neue Freilandtr\u00e4nke<\/span><\/span><\/span><\/p><p> In der \u00f6kologischen Gefl\u00fcgelhaltung stehen Tierwohl, Hygiene und eine zuverl\u00e4ssige Wasserversorgung an oberster Stelle. Mit unserer innovativen PVA St\u00e4ndertr\u00e4nke bieten wir eine L\u00f6sung, die Keimbildung vermeidet und optimal f\u00fcr den Einsatz im Auslauf geeignet [...]<\/p><\/div><\/article><\/section><\/div><\/div><style type=\"text\/css\">.fusion-body .fusion-builder-column-0{width:100% !important;margin-top : 0px;margin-bottom : 20px;}.fusion-builder-column-0 > .fusion-column-wrapper {padding-top : 0px !important;padding-right : 0px !important;margin-right : 1.92%;padding-bottom : 0px !important;padding-left : 0px !important;margin-left : 1.92%;}@media only screen and (max-width:1140px) {.fusion-body .fusion-builder-column-0{width:100% !important;order : 0;}.fusion-builder-column-0 > .fusion-column-wrapper {margin-right : 1.92%;margin-left : 1.92%;}}@media only screen and (max-width:767px) {.fusion-body .fusion-builder-column-0{width:100% !important;order : 0;}.fusion-builder-column-0 > .fusion-column-wrapper {margin-right : 1.92%;margin-left : 1.92%;}}<\/style><\/div><\/div><style type=\"text\/css\">.fusion-body .fusion-flex-container.fusion-builder-row-1{ padding-top : 100px;margin-top : 0px;padding-right : 0px;padding-bottom : 0px;margin-bottom : 0px;padding-left : 0px;}<\/style><\/div><\/p>\n","protected":false},"excerpt":{"rendered":"","protected":false},"author":1,"featured_media":0,"parent":0,"menu_order":0,"comment_status":"closed","ping_status":"closed","template":"100-width.php","meta":{"om_disable_all_campaigns":false,"footnotes":""},"class_list":["post-1070","page","type-page","status-publish","hentry"],"aioseo_notices":[],"_links":{"self":[{"href":"https:\/\/schwimmerventile.de\/de\/wp-json\/wp\/v2\/pages\/1070","targetHints":{"allow":["GET"]}}],"collection":[{"href":"https:\/\/schwimmerventile.de\/de\/wp-json\/wp\/v2\/pages"}],"about":[{"href":"https:\/\/schwimmerventile.de\/de\/wp-json\/wp\/v2\/types\/page"}],"author":[{"embeddable":true,"href":"https:\/\/schwimmerventile.de\/de\/wp-json\/wp\/v2\/users\/1"}],"replies":[{"embeddable":true,"href":"https:\/\/schwimmerventile.de\/de\/wp-json\/wp\/v2\/comments?post=1070"}],"version-history":[{"count":103,"href":"https:\/\/schwimmerventile.de\/de\/wp-json\/wp\/v2\/pages\/1070\/revisions"}],"predecessor-version":[{"id":3633,"href":"https:\/\/schwimmerventile.de\/de\/wp-json\/wp\/v2\/pages\/1070\/revisions\/3633"}],"wp:attachment":[{"href":"https:\/\/schwimmerventile.de\/de\/wp-json\/wp\/v2\/media?parent=1070"}],"curies":[{"name":"wp","href":"https:\/\/api.w.org\/{rel}","templated":true}]}}